{"id":20,"date":"2015-09-28T22:03:40","date_gmt":"2015-09-28T20:03:40","guid":{"rendered":"http:\/\/leipzig-segeln.de\/?page_id=20"},"modified":"2026-01-05T14:56:11","modified_gmt":"2026-01-05T13:56:11","slug":"skipper_marcus_hertel","status":"publish","type":"page","link":"https:\/\/skipper-marcus.de\/index.php\/skipper_marcus_hertel\/","title":{"rendered":"\u00dcber mich"},"content":{"rendered":"<p><a href=\"https:\/\/skipper-marcus.de\/wp-content\/uploads\/2023\/08\/Skipper_Marcus_Hertel.jpg\"><img loading=\"lazy\" decoding=\"async\" class=\"alignnone wp-image-5535 \" src=\"https:\/\/skipper-marcus.de\/wp-content\/uploads\/2023\/08\/Skipper_Marcus_Hertel-1024x683.jpg\" alt=\"\" width=\"576\" height=\"384\" \/><\/a><\/p>\n<p>Name: Marcus Hertel<br \/>\n<strong>Wohnort:<\/strong> Leipzig<\/p>\n<p><strong>Qualifikationen:<\/strong><\/p>\n<p><strong>F\u00fchrerscheine:<\/strong> SSS, SKS, SBF-See, SBF-Binnen Motor + Segel,<br \/>\n<strong>Funkzeugnisse:<\/strong> LRC, SRC, UBI<br \/>\n<strong>Au\u00dferdem:<\/strong> FKN, Erste Hilfe Ausbildung f\u00fcr Segler, ausgebildeter Ersthelfer, <a href=\"https:\/\/skipper-marcus.de\/index.php\/category\/amateurfunk\/\">Amateurfunklizenz Klasse A Rufzeichen DL7CD<\/a><\/p>\n<p><strong>Zeit auf See: <\/strong>20 Wochen<br \/>\n<strong>davon als Skipper<\/strong>: 6 Wochen<\/p>\n<p><strong>Seemeilen:<\/strong> 4.000 sm<br \/>\n<strong>davon als Skipper<\/strong>: 1.000 sm<\/p>\n<p><strong>2025<\/strong><\/p>\n<ul>\n<li>eine Woche Urlaubst\u00f6rn ab Madeira als Co-Skipper im Januar<\/li>\n<li>eine Woche Urlaubst\u00f6rn in Korfu<\/li>\n<li>eine Woche Ostseet\u00f6rn ab Fehmarn als Skipper<\/li>\n<\/ul>\n<p><strong>2024<\/strong><\/p>\n<ul>\n<li>\u00dcberf\u00fchrungst\u00f6rn von Breege nach Warnem\u00fcnde im April<\/li>\n<li>Hand gegen Koje in Sardinien auf einem Segelboot<\/li>\n<\/ul>\n<p><strong>2023<\/strong><\/p>\n<ul>\n<li><a href=\"https:\/\/skipper-marcus.de\/index.php\/2023\/04\/12\/ende-maerz-auf-der-ostsee-ueberfuehrungstoern-von-breege-nach-warnemuende\/\">\u00dcberf\u00fchrungst\u00f6rn von Breege nach Warnem\u00fcnde im M\u00e4rz<\/a><\/li>\n<li>1 Woche Segelt\u00f6rn auf der Ostsee als Skipper<\/li>\n<li>Kurzt\u00f6rn mit einer Sirius 35 DS von Neustadt nach Burgtiefe und zur\u00fcck<\/li>\n<li>10 Tage T\u00f6rn von Madeira \u00fcber Porto Santos und La Graciosa nach Lanzarote und Fuerteventura<\/li>\n<\/ul>\n<p><strong>2022<\/strong><\/p>\n<ul>\n<li>\u00a0<a href=\"https:\/\/skipper-marcus.de\/index.php\/2022\/02\/27\/neues-boot-gekauft-neptun-22-miglitsch\/\">neues Boot vom Typ Neptun 22<\/a><\/li>\n<li>1 Woche Urlaubst\u00f6rn in der D\u00e4nischen S\u00fcdsee ab Warnem\u00fcnde als Co-Skipper<\/li>\n<li>3 Tage Segelt\u00f6rn von Rostock nach Gedser und zur\u00fcck<\/li>\n<\/ul>\n<p><strong>2021<\/strong><\/p>\n<ul>\n<li>\u00a01 Woche Urlaubst\u00f6rn in der D\u00e4nischen S\u00fcdsee ab Flensburg<\/li>\n<li>\u00a0<a href=\"https:\/\/skipper-marcus.de\/index.php\/2021\/12\/28\/meine-sprinta70-im-oktobersturm-gesunken\/\">Sprinta 70 im Herbststurm in Leipzig gesunken<\/a><\/li>\n<\/ul>\n<p><strong>2020<\/strong><\/p>\n<ul>\n<li>\u00a0eigenes 7 m Kielboot<\/li>\n<\/ul>\n<p><strong>2019<\/strong><\/p>\n<ul>\n<li>\u00a01 Woche SSS Ausbildungst\u00f6rn ab Cuxhaven<\/li>\n<li>\u00a01 Woche Katamaran Segeln in Korfu als Skipper<\/li>\n<li>\u00a01 Woche Menorca nach Sardinien<\/li>\n<li>\u00a0SSS erfolgreich abgeschlossen<\/li>\n<\/ul>\n<p><strong>2018<\/strong><\/p>\n<ul>\n<li>\u00a0<a href=\"https:\/\/skipper-marcus.de\/index.php\/2018\/06\/15\/sss-praxistoern-auf-der-nordsee\/\">8 Tage Skippertraining im englischen Kanal<\/a>.<\/li>\n<li>\u00a01 Woche Kanarent\u00f6rn als Co-Skipper<\/li>\n<li>\u00a0<a href=\"https:\/\/skipper-marcus.de\/index.php\/2019\/03\/05\/sss-modul-navigation-im-zweiten-versuch\/\">SSS Theoriemodule Recht und Navigation bestanden<\/a><\/li>\n<li>2 Tage Weiterbildung &#8222;Medizin an Bord&#8220;<\/li>\n<\/ul>\n<p><strong>2017<\/strong><\/p>\n<ul>\n<li><a href=\"https:\/\/skipper-marcus.de\/index.php\/2017\/02\/22\/toernbericht-mit-der-sy-marlin-im-februar-auf-der-ostsee\/\">3 Tage im Februar Segeln in der Flensburger F\u00f6rde<\/a><\/li>\n<li>1 Woche Segelt\u00f6rn von Elba als Skipper<\/li>\n<li>1 Woche Urlaubst\u00f6rn in Griechenland\/Lefkas als Skipper<\/li>\n<li><a href=\"https:\/\/skipper-marcus.de\/index.php\/2017\/10\/27\/toern-auf-dem-haikutter-alexa\/\">3 Tage T\u00f6rn auf dem Haikutter Alexa<\/a><\/li>\n<li>1 Woche Bloggersegeln mit dem Sunsail 454 Katamaran in Korfu<\/li>\n<li><a href=\"https:\/\/skipper-marcus.de\/index.php\/2017\/11\/22\/sss-pruefung-seemannschaft-wetterkunde-hamburg\/\">Theoretische Pr\u00fcfung zum Sportseeschiffereschein in Wetterkunde und Seemannschaft bestanden<\/a><\/li>\n<\/ul>\n<p><strong>2016<\/strong><\/p>\n<ul>\n<li><a href=\"https:\/\/skipper-marcus.de\/index.php\/2016\/08\/02\/wie-ein-hand-gegen-koje-toern-gewaltig-schiefging\/\">1 Woche Arbeit auf einer Segelyacht in Italien<\/a><\/li>\n<li><a href=\"https:\/\/skipper-marcus.de\/index.php\/2016\/05\/12\/toernbericht-auf-der-ostsee-von-heiligenhafen-in-die-daenische-suedsee\/\">1 Woche Segelt\u00f6rn auf der Ostsee\/D\u00e4nischen S\u00fcdsee als Co-Skipper<\/a><\/li>\n<\/ul>\n<div style=\"\u201cclear: both;\">\n<p><strong>2015<\/strong><\/p>\n<ul>\n<li>eigene Segeljolle im Binnenbereich<\/li>\n<li>3 Tage Skippertraining auf der Ostsee<\/li>\n<li><a href=\"https:\/\/skipper-marcus.de\/index.php\/2017\/01\/31\/eine-woche-urlaubstoern-ionisches-meer-erster-toern-skipper\/\">1 Woche Segelt\u00f6rn in Griechenland\/Ionisches Meer erster T\u00f6rn als Skipper<\/a><\/li>\n<\/ul>\n<p><strong>2014<\/strong><\/p>\n<ul>\n<li>1 Woche Urlaubst\u00f6rn an der C\u00f4te d\u2019Azur<\/li>\n<li>1 Woche Skippertraining in Slowenien\/Kroatien mit praktischer Pr\u00fcfung zum Sportk\u00fcstenschifferschein<\/li>\n<li>regelm\u00e4\u00dfig im Binnenbereich<\/li>\n<\/ul>\n<p><strong>2013<\/strong><\/p>\n<ul>\n<li>1 Woche Skippertraining auf der Ostsee<\/li>\n<\/ul>\n<p><strong>2012<\/strong><\/p>\n<ul>\n<li>SBF See<\/li>\n<li>SBF Binnen Motor und Segel<\/li>\n<\/ul>\n<p><strong>\u00a0<\/strong><\/p>\n<\/div>\n","protected":false},"excerpt":{"rendered":"<p>Name: Marcus Hertel Wohnort: Leipzig Qualifikationen: F\u00fchrerscheine: SSS, SKS, SBF-See, SBF-Binnen Motor + Segel, Funkzeugnisse: LRC, SRC, UBI Au\u00dferdem: FKN, Erste Hilfe Ausbildung f\u00fcr Segler, ausgebildeter Ersthelfer, Amateurfunklizenz Klasse A Rufzeichen DL7CD Zeit auf See: 20 Wochen davon als Skipper: [&hellip;]<\/p>\n","protected":false},"author":1,"featured_media":0,"parent":0,"menu_order":0,"comment_status":"closed","ping_status":"closed","template":"","meta":{"_monsterinsights_skip_tracking":false,"_monsterinsights_sitenote_active":false,"_monsterinsights_sitenote_note":"","_monsterinsights_sitenote_category":0,"footnotes":""},"class_list":["post-20","page","type-page","status-publish","hentry"],"jetpack-related-posts":[],"jetpack_sharing_enabled":true,"post_mailing_queue_ids":[],"_links":{"self":[{"href":"https:\/\/skipper-marcus.de\/index.php\/wp-json\/wp\/v2\/pages\/20","targetHints":{"allow":["GET"]}}],"collection":[{"href":"https:\/\/skipper-marcus.de\/index.php\/wp-json\/wp\/v2\/pages"}],"about":[{"href":"https:\/\/skipper-marcus.de\/index.php\/wp-json\/wp\/v2\/types\/page"}],"author":[{"embeddable":true,"href":"https:\/\/skipper-marcus.de\/index.php\/wp-json\/wp\/v2\/users\/1"}],"replies":[{"embeddable":true,"href":"https:\/\/skipper-marcus.de\/index.php\/wp-json\/wp\/v2\/comments?post=20"}],"version-history":[{"count":78,"href":"https:\/\/skipper-marcus.de\/index.php\/wp-json\/wp\/v2\/pages\/20\/revisions"}],"predecessor-version":[{"id":7241,"href":"https:\/\/skipper-marcus.de\/index.php\/wp-json\/wp\/v2\/pages\/20\/revisions\/7241"}],"wp:attachment":[{"href":"https:\/\/skipper-marcus.de\/index.php\/wp-json\/wp\/v2\/media?parent=20"}],"curies":[{"name":"wp","href":"https:\/\/api.w.org\/{rel}","templated":true}]}}