{"id":3215,"date":"2018-03-17T15:59:15","date_gmt":"2018-03-17T14:59:15","guid":{"rendered":"http:\/\/leipzig-segeln.de\/?page_id=3215"},"modified":"2023-07-22T18:39:42","modified_gmt":"2023-07-22T16:39:42","slug":"referenzen","status":"publish","type":"page","link":"https:\/\/skipper-marcus.de\/index.php\/referenzen\/","title":{"rendered":"Referenzen"},"content":{"rendered":"\t\t<div class=\"style-light_style  show_thumbs show_title show_position show_date stars_rating show_other  easy_t_single_testimonial\">\r\n\t\t\t\t\t<script>\r\n\t\t\t{\r\n\t\t\t  \"@context\": \"http:\/\/schema.org\/\",\r\n\t\t\t  \"@type\": \"Review\",\r\n\t\t\t  \"itemReviewed\": {\r\n\t\t\t\t\"@type\": \"Organization\",\r\n\t\t\t\t\"name\": \"\"\t\t\t  },\r\n\t\t\t  \"reviewRating\": {\r\n\t\t\t\t\"@type\": \"Rating\",\r\n\t\t\t\t\"ratingValue\": 5,\r\n\t\t\t\t\"bestRating\": \"5\"\r\n\t\t\t  },\r\n\t\t\t  \"name\": \"T\\u00f6rnbericht von Anna\",\r\n\t\t\t  \"author\": {\r\n\t\t\t\t\"@type\": \"Person\",\r\n\t\t\t\t\"name\": \"Anna\"\t\t\t  },\r\n\t\t\t  \"reviewBody\": \"\\nEs war ein gro\\u00dfer Gl\\u00fcckfall f\\u00fcr mich Marcus Ausschreibung bei Hand gegen Koje zu finden und mit seinen FreundInnen gemeinsam \\u00fcber die d\\u00e4nische S\\u00fcdsee zu schippern. Wenn ich jetzt daran zur\\u00fcckdenke, lief alles paletti und das ist sehr einzigartig insbesondere wenn sich eine Gruppe neu zusammen findet (und man auch noch Skipper ist!).\\nVon Burgstaaken ging es r\\u00fcber nach Heiligenhafen und nach einer Nacht dort direkt nach D\\u00e4nemark. Die Anlege- und Ablegeman\\u00f6ver konnte man dort in\\u00a0\\u00c6r\\u00f8sk\\u00f8bing,\\u00a0Ly\\u00f8 und in Bagenkop bewundern. Der ganze T\\u00f6rn ging knapp eine Woche und wir hatten allesamt 171sm mehr unterm Kiel.\\n\\nIch kam gerade erst von einer Atlantik\\u00fcberquerung wieder und war unfassbar froh so schnell wieder die M\\u00f6glichkeit zu haben auf dem Wasser zu sein. Marcus kann man wirklich alles fragen und mit einer solchen Ruhe wird er dir auch alles erkl\\u00e4ren oder es mit dir zusammen herausfinden. Meine liebsten Erinnerungen sind die Reflektionsrunden abends, die 1:1 Gespr\\u00e4che, das Mastklettern aber auch unser treuer Flaggenstock bleibt mir gut im Ged\\u00e4chtnis. Der hat sich n\\u00e4mlich kurzzeitig verabschiedet haha. Nayoung, seine Frau, war eine besonders fr\\u00f6hliche Bereicherung des Trips. Beide verspr\\u00fchen Lebenslust, die einen ansteckt.\\n\\nEinen kleinen Reuniont\\u00f6rn hatten wir bereits auf Marcus Boot \\\"Esperanza\\\", bei dem ich auch wieder viel gelernt habe. Ein wirklich dickes Danke geht raus! Ich w\\u00fcnsche euch noch viele weitere gro\\u00dfe und kleine Abenteuer! Mast- und Schotbruch,\\u00a0Anna\\n\"\t\t\t}\r\n\t\t<\/script>\r\n\t\t\t\t\t<blockquote class=\"easy_testimonial\">\r\n\t\t\t\t<div class=\"easy_testimonial_image_wrapper\"><img loading=\"lazy\" decoding=\"async\" width=\"150\" height=\"150\" src=\"https:\/\/skipper-marcus.de\/wp-content\/uploads\/2023\/07\/Anna_Referenz_Ostsee_2023-150x150.jpg\" class=\"attachment-thumbnail size-thumbnail wp-post-image\" alt=\"\" \/><\/div>\t\t\r\n\t\t\t\t<p class=\"easy_testimonial_title\">T\u00f6rnbericht von Anna<\/p>\t\r\n\t\t\t\t\t\t\t\t<div class=\"testimonial_body\">\r\n\t\t\t\t\t<div>\n<p>Es war ein gro\u00dfer Gl\u00fcckfall f\u00fcr mich Marcus Ausschreibung bei Hand gegen Koje zu finden und mit seinen FreundInnen gemeinsam \u00fcber die d\u00e4nische S\u00fcdsee zu schippern. Wenn ich jetzt daran zur\u00fcckdenke, lief alles paletti und das ist sehr einzigartig insbesondere wenn sich eine Gruppe neu zusammen findet (und man auch noch Skipper ist!).<\/p>\n<p>Von Burgstaaken ging es r\u00fcber nach Heiligenhafen und nach einer Nacht dort direkt nach D\u00e4nemark. Die Anlege- und Ablegeman\u00f6ver konnte man dort in\u00a0\u00c6r\u00f8sk\u00f8bing,\u00a0Ly\u00f8 und in Bagenkop bewundern. Der ganze T\u00f6rn ging knapp eine Woche und wir hatten allesamt 171sm mehr unterm Kiel.<\/p>\n<\/div>\n<div>Ich kam gerade erst von einer Atlantik\u00fcberquerung wieder und war unfassbar froh so schnell wieder die M\u00f6glichkeit zu haben auf dem Wasser zu sein. Marcus kann man wirklich alles fragen und mit einer solchen Ruhe wird er dir auch alles erkl\u00e4ren oder es mit dir zusammen herausfinden. Meine liebsten Erinnerungen sind die Reflektionsrunden abends, die 1:1 Gespr\u00e4che, das Mastklettern aber auch unser treuer Flaggenstock bleibt mir gut im Ged\u00e4chtnis. Der hat sich n\u00e4mlich kurzzeitig verabschiedet haha. Nayoung, seine Frau, war eine besonders fr\u00f6hliche Bereicherung des Trips. Beide verspr\u00fchen Lebenslust, die einen ansteckt.<\/div>\n<div><\/div>\n<div>Einen kleinen Reuniont\u00f6rn hatten wir bereits auf Marcus Boot \"Esperanza\", bei dem ich auch wieder viel gelernt habe. Ein wirklich dickes Danke geht raus! Ich w\u00fcnsche euch noch viele weitere gro\u00dfe und kleine Abenteuer! Mast- und Schotbruch,\u00a0<span class=\"il\">Anna<\/span><\/div>\n\t\t\t\t\t\t\t\t\t<\/div>\t\r\n\t\t\t\t\t\t\t\t\r\n\t\t\t\t<p class=\"testimonial_author\">\r\n\t\t\t\t\t\t\t\t\t\t\t\t\t\t\t<cite>\r\n\t\t\t\t\t\t\t\t\t\t\t\t\t<span class=\"testimonial-client\">Anna<\/span>\r\n\t\t\t\t\t\t\t\t\t\t\t\t\t\t\t\t\t\t\t\t\t\t\t\t\t\t\t\t\t\t\t<span class=\"date\">22. Juli 2023<\/span>\r\n\t\t\t\t\t\t\t\t\t\t\t\t\t\t\t\t\t<\/cite>\r\n\t\t\t\t\t\t\t\t\t\t\r\n\t\t\t\t<\/p>\t\r\n\t\t\t\t\t\t\t\t\t\t\t\t<div class=\"easy_t_clear\"><\/div>\r\n\t\t\t<\/blockquote>\r\n\t\t<\/div>\t\t<div class=\"style-light_style  show_thumbs show_title show_position show_date stars_rating show_other  easy_t_single_testimonial\">\r\n\t\t\t\t\t<script>\r\n\t\t\t{\r\n\t\t\t  \"@context\": \"http:\/\/schema.org\/\",\r\n\t\t\t  \"@type\": \"Review\",\r\n\t\t\t  \"itemReviewed\": {\r\n\t\t\t\t\"@type\": \"Organization\",\r\n\t\t\t\t\"name\": \"\"\t\t\t  },\r\n\t\t\t  \"reviewRating\": {\r\n\t\t\t\t\"@type\": \"Rating\",\r\n\t\t\t\t\"ratingValue\": 5,\r\n\t\t\t\t\"bestRating\": \"5\"\r\n\t\t\t  },\r\n\t\t\t  \"name\": \"Ingo MOB Training in Leipzig\",\r\n\t\t\t  \"author\": {\r\n\t\t\t\t\"@type\": \"Person\",\r\n\t\t\t\t\"name\": \"Ingo\"\t\t\t  },\r\n\t\t\t  \"reviewBody\": \"Ich habe Marcus im vergangenen Jahr in Cuxhaven kennen gelernt. Da ich Dresdner bin, also in der N\\u00e4he von Leipzig wohne, lud er mich nach Leipzig zum Segeln ein.\\nIn diesem Fr\\u00fchjahr haben wir uns dann zum Segeln verabredet. Ein spezieller Wunsch von mir, auch im Hinblick auf eine Praxispr\\u00fcfung im Herbst, war das \\u00dcben von Rettungsman\\u00f6vern und im speziellen das Quickstop Man\\u00f6ver. Dieses kannte ich bisher nur aus B\\u00fcchern. Mitte Juni trafen wir uns am Bootssteg vom Markkleeberger See, wo sich der Liegeplatz von Marcus Dehler Sprinta 70 befindet. Es wehte ein ganz ordentlicher Wind, so dass wir gleich mit gerefften Segel gefahren sind. Es hat sehr viel Spa\\u00df gemacht mit Marcus zu segeln. Er ist ein sehr geduldiger und besonnener Lehrer. Durch seine Hilfe hatte ich das Quickstop Man\\u00f6ver in zwei Tagen so beherrscht, dass es f\\u00fcr mich in der Pr\\u00fcfung das Man\\u00f6ver meiner Wahl war. F\\u00fchlte mich zwar in der Pr\\u00fcfung etwas wie ein Au\\u00dfenseiter, da alle anderen die Q-Wende w\\u00e4hlten, aber Pr\\u00fcfung bestanden.\\nVielen Dank Marcus.\\n\"\t\t\t}\r\n\t\t<\/script>\r\n\t\t\t\t\t<blockquote class=\"easy_testimonial\">\r\n\t\t\t\t<div class=\"easy_testimonial_image_wrapper\"><img loading=\"lazy\" decoding=\"async\" width=\"150\" height=\"150\" src=\"https:\/\/skipper-marcus.de\/wp-content\/uploads\/2020\/12\/Segellehrer_SSS_Leipzig-150x150.jpg\" class=\"attachment-thumbnail size-thumbnail wp-post-image\" alt=\"\" \/><\/div>\t\t\r\n\t\t\t\t<p class=\"easy_testimonial_title\">Ingo MOB Training in Leipzig<\/p>\t\r\n\t\t\t\t\t\t\t\t<div class=\"testimonial_body\">\r\n\t\t\t\t\t<p>Ich habe Marcus im vergangenen Jahr in Cuxhaven kennen gelernt. Da ich Dresdner bin, also in der N\u00e4he von Leipzig wohne, lud er mich nach Leipzig zum Segeln ein.<\/p>\n<p>In diesem Fr\u00fchjahr haben wir uns dann zum Segeln verabredet. Ein spezieller Wunsch von mir, auch im Hinblick auf eine Praxispr\u00fcfung im Herbst, war das \u00dcben von Rettungsman\u00f6vern und im speziellen das Quickstop Man\u00f6ver. Dieses kannte ich bisher nur aus B\u00fcchern. Mitte Juni trafen wir uns am Bootssteg vom Markkleeberger See, wo sich der Liegeplatz von Marcus Dehler Sprinta 70 befindet. Es wehte ein ganz ordentlicher Wind, so dass wir gleich mit gerefften Segel gefahren sind. Es hat sehr viel Spa\u00df gemacht mit Marcus zu segeln. Er ist ein sehr geduldiger und besonnener Lehrer. Durch seine Hilfe hatte ich das Quickstop Man\u00f6ver in zwei Tagen so beherrscht, dass es f\u00fcr mich in der Pr\u00fcfung das Man\u00f6ver meiner Wahl war. F\u00fchlte mich zwar in der Pr\u00fcfung etwas wie ein Au\u00dfenseiter, da alle anderen die Q-Wende w\u00e4hlten, aber Pr\u00fcfung bestanden.<\/p>\n<p>Vielen Dank Marcus.<\/p>\n\t\t\t\t\t\t\t\t\t<\/div>\t\r\n\t\t\t\t\t\t\t\t\r\n\t\t\t\t<p class=\"testimonial_author\">\r\n\t\t\t\t\t\t\t\t\t\t\t\t\t\t\t<cite>\r\n\t\t\t\t\t\t\t\t\t\t\t\t\t<span class=\"testimonial-client\">Ingo<\/span>\r\n\t\t\t\t\t\t\t\t\t\t\t\t\t\t\t\t\t\t\t<span class=\"testimonial-position\">Segelsch\u00fcler<\/span>\r\n\t\t\t\t\t\t\t\t\t\t\t\t\t\t\t\t\t\t\t\t\t\t\t\t\t<span class=\"date\">1. Dezember 2020<\/span>\r\n\t\t\t\t\t\t\t\t\t\t\t\t\t\t\t\t\t<\/cite>\r\n\t\t\t\t\t\t\t\t\t\t\r\n\t\t\t\t<\/p>\t\r\n\t\t\t\t\t\t\t\t\t\t\t\t<div class=\"easy_t_clear\"><\/div>\r\n\t\t\t<\/blockquote>\r\n\t\t<\/div>\t\t<div class=\"style-light_style  show_thumbs show_title show_position show_date stars_rating show_other  easy_t_single_testimonial\">\r\n\t\t\t\t\t<script>\r\n\t\t\t{\r\n\t\t\t  \"@context\": \"http:\/\/schema.org\/\",\r\n\t\t\t  \"@type\": \"Review\",\r\n\t\t\t  \"itemReviewed\": {\r\n\t\t\t\t\"@type\": \"Organization\",\r\n\t\t\t\t\"name\": \"\"\t\t\t  },\r\n\t\t\t  \"reviewRating\": {\r\n\t\t\t\t\"@type\": \"Rating\",\r\n\t\t\t\t\"ratingValue\": 5,\r\n\t\t\t\t\"bestRating\": \"5\"\r\n\t\t\t  },\r\n\t\t\t  \"name\": \"Silas Segelunterricht auf der Jolle in Leipzig\",\r\n\t\t\t  \"author\": {\r\n\t\t\t\t\"@type\": \"Person\",\r\n\t\t\t\t\"name\": \"Silas Hanisch\"\t\t\t  },\r\n\t\t\t  \"reviewBody\": \"In Vorbereitung auf meine Praxiswoche mit Pr\\u00fcfung f\\u00fcr den SKS, wollte ich gern ein erstes Gef\\u00fchl f\\u00fcrs Segeln entwickeln und ein paar Basics trainieren. Einfach ins kalte Wasser springen wollte ich nicht. Also habe ich \\u00fcber die gro\\u00dfe \\u201eSegelgruppe\\u201c bei Facebook Kontakt mit Marcus aufgenommen, da er nur eine Fahrtstunde entfernt kn Leipzig wohnt und eine Jolle besitzt. F\\u00fcr mich also perfekt. Gemeinsam haben wir unkompliziert einen Termin abgestimmt, um ein Wochenende auf dem Cospudener See zu segeln. Das Wochenendewar perfekt: Sonne und Wind und haben an 2 Tagen 40km gesegelt. Marcus hat mir in dieser Zeit nicht nur viele Basics gezeigt, sondern auch allgemein viel \\u00fcber Boote, Yachten und den Segelsport erkl\\u00e4rt. Alles in allem 2 gelungene Tage mit Spa\\u00df und Action und einem guten Gef\\u00fchl in die SKS Woche zu Starten. Somit kann ich absolut empfehlen, wer etwas \\u00fcbers segeln lernen will, sich an Marcus zu wenden oder einfach mal paar Runden \\u00fcber den Cospudener See drehen will.\\nPS: die SKS Pr\\u00fcfung ist auch auf Anhieb bestanden;-)\\n\"\t\t\t}\r\n\t\t<\/script>\r\n\t\t\t\t\t<blockquote class=\"easy_testimonial\">\r\n\t\t\t\t<div class=\"easy_testimonial_image_wrapper\"><img loading=\"lazy\" decoding=\"async\" width=\"150\" height=\"150\" src=\"https:\/\/skipper-marcus.de\/wp-content\/uploads\/2018\/10\/Silas_Hanisch_Segeln_Segellehrer_Marcus_Hertel-150x150.jpg\" class=\"attachment-thumbnail size-thumbnail wp-post-image\" alt=\"\" \/><\/div>\t\t\r\n\t\t\t\t<p class=\"easy_testimonial_title\">Silas Segelunterricht auf der Jolle in Leipzig<\/p>\t\r\n\t\t\t\t\t\t\t\t<div class=\"testimonial_body\">\r\n\t\t\t\t\t<p><span id=\"cch_f2bcd15da776374\" class=\"_mh6 _wsc\"><span class=\"_3oh- _58nk\">In Vorbereitung auf meine Praxiswoche mit Pr\u00fcfung f\u00fcr den SKS, wollte ich gern ein erstes Gef\u00fchl f\u00fcrs Segeln entwickeln und ein paar Basics trainieren. Einfach ins kalte Wasser springen wollte ich nicht. Also habe ich \u00fcber die gro\u00dfe \u201eSegelgruppe\u201c bei Facebook Kontakt mit Marcus aufgenommen, da er nur eine Fahrtstunde entfernt kn Leipzig wohnt und eine Jolle besitzt. F\u00fcr mich also perfekt. Gemeinsam haben wir unkompliziert einen Termin abgestimmt, um ein Wochenende auf dem Cospudener See zu segeln. Das Wochenendewar perfekt: Sonne und Wind und haben an 2 Tagen 40km gesegelt. Marcus hat mir in dieser Zeit nicht nur viele Basics gezeigt, sondern auch allgemein viel \u00fcber Boote, Yachten und den Segelsport erkl\u00e4rt. Alles in allem 2 gelungene Tage mit Spa\u00df und Action und einem guten Gef\u00fchl in die SKS Woche zu Starten. Somit kann ich absolut empfehlen, wer etwas \u00fcbers segeln lernen will, sich an Marcus zu wenden oder einfach mal paar Runden \u00fcber den Cospudener See drehen will.<br \/>\nPS: die SKS Pr\u00fcfung ist auch auf Anhieb bestanden;-)<\/span><\/span><\/p>\n\t\t\t\t\t\t\t\t\t<\/div>\t\r\n\t\t\t\t\t\t\t\t\r\n\t\t\t\t<p class=\"testimonial_author\">\r\n\t\t\t\t\t\t\t\t\t\t\t\t\t\t\t<cite>\r\n\t\t\t\t\t\t\t\t\t\t\t\t\t<span class=\"testimonial-client\">Silas Hanisch<\/span>\r\n\t\t\t\t\t\t\t\t\t\t\t\t\t\t\t\t\t\t\t<span class=\"testimonial-position\">Segelsch\u00fcler<\/span>\r\n\t\t\t\t\t\t\t\t\t\t\t\t\t\t\t\t\t\t\t\t\t\t\t\t\t<span class=\"date\">30. Oktober 2018<\/span>\r\n\t\t\t\t\t\t\t\t\t\t\t\t\t\t\t\t\t<\/cite>\r\n\t\t\t\t\t\t\t\t\t\t\r\n\t\t\t\t<\/p>\t\r\n\t\t\t\t\t\t\t\t\t\t\t\t<div class=\"easy_t_clear\"><\/div>\r\n\t\t\t<\/blockquote>\r\n\t\t<\/div>\t\t<div class=\"style-light_style  show_thumbs show_title show_position show_date stars_rating show_other  easy_t_single_testimonial\">\r\n\t\t\t\t\t<script>\r\n\t\t\t{\r\n\t\t\t  \"@context\": \"http:\/\/schema.org\/\",\r\n\t\t\t  \"@type\": \"Review\",\r\n\t\t\t  \"itemReviewed\": {\r\n\t\t\t\t\"@type\": \"Organization\",\r\n\t\t\t\t\"name\": \"in Griechenland\"\t\t\t  },\r\n\t\t\t  \"reviewRating\": {\r\n\t\t\t\t\"@type\": \"Rating\",\r\n\t\t\t\t\"ratingValue\": 5,\r\n\t\t\t\t\"bestRating\": \"5\"\r\n\t\t\t  },\r\n\t\t\t  \"name\": \"T\\u00f6rnbericht von Martin\",\r\n\t\t\t  \"author\": {\r\n\t\t\t\t\"@type\": \"Person\",\r\n\t\t\t\t\"name\": \"Martin\"\t\t\t  },\r\n\t\t\t  \"reviewBody\": \"Hallihallo,\\nich bin Martin und habe mit Marcus in Griechenland meinen ersten Segelt\\u00f6rn \\u00fcberhaupt erlebt. Wohl von einigen Segelvideos gepr\\u00e4gt, erwartete ich einiges an Action, was jedoch im Sommer auf dem Mittelmeer, vor allem auf so einem Urlaubst\\u00f6rn, ganz sch\\u00f6n versch\\u00e4tzt war! Als wir dann bei 14-kn\\u00f6tigem Wind aber doch etwas in Schr\\u00e4glage kamen, war ich mehr als begeistert und hatte m\\u00e4chtig viel Spa\\u00df daran, den Weg bis zum Bug zu erklimmen. Das war gar nicht so einfach!\\nWeiterhin ist zum Beispiel noch dieser Abend in einer der gem\\u00fctlichen Buchten zu erw\\u00e4hnen, in der wir ankerten. Irgendwie kamen wir auf die Idee, uns mithilfe des Falls vom Boot um den Mast \\u00fcbers Boot und hinein ins Wasser zu schwingen. Hach, das war witzig. Und der Ouzo abends erst...\\nStark beeindruckt bin ich von Marcus, der nicht nur all das organisierte, sondern zudem noch ein Auge auf Crew und deren Bed\\u00fcrfnisse warf. Trotzdessen dies nun kein Hochseet\\u00f6rn war, kam ich nicht minder auf meine Kosten, lernte etliches \\u00fcber das Segeln, genoss auch die Ruhe und den M\\u00fc\\u00dfiggang. Und obwohl ich Marcus und den Rest der Crew erst seit dieser Zeit in Griechenland wirklich kenne, habe ich sie echt gern gewonnen. Denn irgendwie hat das alles echt gut geklappt und echt massig Spa\\u00df bereitet. Obendrein das leckere Essen in H\\u00fclle und F\\u00fclle, sowohl aus Komb\\u00fcse als auch Restaurant.\\nApropos, um nicht nur das Bild des fehlerlosen Segelt\\u00f6rns zu erzeugen: Gedenket der Ankerman\\u00f6ver! Und der unz\\u00e4hlbaren Umparkman\\u00f6ver! Haha!\\nAlles in Allem war das eine unglaublich sch\\u00f6ne Woche. Ich danke dir Marcus und der gesamten Crew. Lasst es euch gutgehen!\\n\"\t\t\t}\r\n\t\t<\/script>\r\n\t\t\t\t\t<blockquote class=\"easy_testimonial\">\r\n\t\t\t\t<div class=\"easy_testimonial_image_wrapper\"><img loading=\"lazy\" decoding=\"async\" width=\"150\" height=\"150\" src=\"https:\/\/skipper-marcus.de\/wp-content\/uploads\/2017\/09\/IMG_9581-150x150.jpg\" class=\"attachment-thumbnail size-thumbnail wp-post-image\" alt=\"\" \/><\/div>\t\t\r\n\t\t\t\t<p class=\"easy_testimonial_title\">T\u00f6rnbericht von Martin<\/p>\t\r\n\t\t\t\t\t\t\t\t<div class=\"testimonial_body\">\r\n\t\t\t\t\t<p>Hallihallo,<br \/>\nich bin Martin und habe mit Marcus in Griechenland meinen ersten Segelt\u00f6rn \u00fcberhaupt erlebt. Wohl von einigen Segelvideos gepr\u00e4gt, erwartete ich einiges an Action, was jedoch im Sommer auf dem Mittelmeer, vor allem auf so einem Urlaubst\u00f6rn, ganz sch\u00f6n versch\u00e4tzt war! Als wir dann bei 14-kn\u00f6tigem Wind aber doch etwas in Schr\u00e4glage kamen, war ich mehr als begeistert und hatte m\u00e4chtig viel Spa\u00df daran, den Weg bis zum Bug zu erklimmen. Das war gar nicht so einfach!<br \/>\nWeiterhin ist zum Beispiel noch dieser Abend in einer der gem\u00fctlichen Buchten zu erw\u00e4hnen, in der wir ankerten. Irgendwie kamen wir auf die Idee, uns mithilfe des Falls vom Boot um den Mast \u00fcbers Boot und hinein ins Wasser zu schwingen. Hach, das war witzig. Und der Ouzo abends erst...<\/p>\n<p>Stark beeindruckt bin ich von Marcus, der nicht nur all das organisierte, sondern zudem noch ein Auge auf Crew und deren Bed\u00fcrfnisse warf. Trotzdessen dies nun kein Hochseet\u00f6rn war, kam ich nicht minder auf meine Kosten, lernte etliches \u00fcber das Segeln, genoss auch die Ruhe und den M\u00fc\u00dfiggang. Und obwohl ich Marcus und den Rest der Crew erst seit dieser Zeit in Griechenland wirklich kenne, habe ich sie echt gern gewonnen. Denn irgendwie hat das alles echt gut geklappt und echt massig Spa\u00df bereitet. Obendrein das leckere Essen in H\u00fclle und F\u00fclle, sowohl aus Komb\u00fcse als auch Restaurant.<\/p>\n<p>Apropos, um nicht nur das Bild des fehlerlosen Segelt\u00f6rns zu erzeugen: Gedenket der Ankerman\u00f6ver! Und der unz\u00e4hlbaren Umparkman\u00f6ver! Haha!<\/p>\n<p>Alles in Allem war das eine unglaublich sch\u00f6ne Woche. Ich danke dir Marcus und der gesamten Crew. Lasst es euch gutgehen!<\/p>\n\t\t\t\t\t\t\t\t\t<\/div>\t\r\n\t\t\t\t\t\t\t\t\r\n\t\t\t\t<p class=\"testimonial_author\">\r\n\t\t\t\t\t\t\t\t\t\t\t\t\t\t\t<cite>\r\n\t\t\t\t\t\t\t\t\t\t\t\t\t<span class=\"testimonial-client\">Martin<\/span>\r\n\t\t\t\t\t\t\t\t\t\t\t\t\t\t\t\t\t\t\t<span class=\"testimonial-position\">Crew Mitglied<\/span>\r\n\t\t\t\t\t\t\t\t\t\t\t\t\t\t\t\t\t\t\t<span class=\"testimonial-other\">in Griechenland<\/span>\r\n\t\t\t\t\t\t\t\t\t\t\t\t\t\t\t\t\t\t\t<span class=\"date\">17. September 2017<\/span>\r\n\t\t\t\t\t\t\t\t\t\t\t\t\t\t\t\t\t<\/cite>\r\n\t\t\t\t\t\t\t\t\t\t\r\n\t\t\t\t<\/p>\t\r\n\t\t\t\t\t\t\t\t\t\t\t\t<div class=\"easy_t_clear\"><\/div>\r\n\t\t\t<\/blockquote>\r\n\t\t<\/div>\t\t<div class=\"style-light_style  show_thumbs show_title show_position show_date stars_rating show_other  easy_t_single_testimonial\">\r\n\t\t\t\t\t<script>\r\n\t\t\t{\r\n\t\t\t  \"@context\": \"http:\/\/schema.org\/\",\r\n\t\t\t  \"@type\": \"Review\",\r\n\t\t\t  \"itemReviewed\": {\r\n\t\t\t\t\"@type\": \"Organization\",\r\n\t\t\t\t\"name\": \"in Leipzig\"\t\t\t  },\r\n\t\t\t  \"reviewRating\": {\r\n\t\t\t\t\"@type\": \"Rating\",\r\n\t\t\t\t\"ratingValue\": 5,\r\n\t\t\t\t\"bestRating\": \"5\"\r\n\t\t\t  },\r\n\t\t\t  \"name\": \"Brunos Bericht zu unserem Jollen Training in Leipzig\",\r\n\t\t\t  \"author\": {\r\n\t\t\t\t\"@type\": \"Person\",\r\n\t\t\t\t\"name\": \"Bruno\"\t\t\t  },\r\n\t\t\t  \"reviewBody\": \"Infos zu meiner Person:\\ntotaler Neuling, nur SBF Binnen\\\/See (keine Praxis)\\n1x 3 Tage segeln auf einem Segler im Februar auf der Ostsee.\\nDort war auch Marcus mit an Bord. So lernten wir uns kennen.\\nIm April habe ich mich an zwei Wochenenden zum Segelunterricht mit Skipper Marcus verabredet. Es war schon etwas exotisch, von Wiesbaden (Wohnort) nach Leipzig zu reisen. Gibt es dort wirklich so viel Wasser?\\nErstes Wochenende im April bei super Wetter zum Cospudener See. Seine Jolle stand ca. 100 Meter entfernt auf einer gr\\u00fcnen Wiese. Dort wurde alles f\\u00fcr das erste Segeln in diesem Jahr vorbereitet. Mast setzen, Verklicker anbringen, Fock ausrollen und vieles mehr. Dazu geh\\u00f6rte auch das Aufpumpen der Trailer Bereifung ... ;-)\\nDann kam f\\u00fcr mich der spannende Augenblick, die Jolle zu Wasser lassen und am Steg befestigen. Das Wasser war noch sehr kalt und Marcus hatte so sein Problem damit, mit bis zu den Knien im Wasser zu stehen. Er sprang immer hin und her ...\\nNun ab ins Boot und Leinen los bei leichtem Wind. Nach kurzer Zeit \\u00fcbergab er mir das Kommando (Pinne) und ich machte meine ersten Erfahrungen mit der Jolle und dem Wind. Marcus hat mir w\\u00e4hrenddessen alles was man f\\u00fcr die Praxis ben\\u00f6tigt super erkl\\u00e4rt. Er hatte unendlich viel Gebuld mit mir, auch wenn ich zum wiederholten Mal gefragt habe, ob ich anluven oder abfallen soll. Auch die vielen anderen Grundlagen, Wenden, Halsen und Mann \\u00fcber Bord ist er immer wieder mit mir durchgegangen.\\nAm zweiten Wochenende haben wir alles intensiviert.\\nNochmal danke an Marcus, der mir alles verst\\u00e4ndlich erkl\\u00e4rt\\\/beigebracht hat. Er hat mir viel Sicherheit f\\u00fcr meine weitere Segler-Kariere gegeben.\\nBruno\\n\"\t\t\t}\r\n\t\t<\/script>\r\n\t\t\t\t\t<blockquote class=\"easy_testimonial\">\r\n\t\t\t\t<div class=\"easy_testimonial_image_wrapper\"><img loading=\"lazy\" decoding=\"async\" width=\"150\" height=\"150\" src=\"https:\/\/skipper-marcus.de\/wp-content\/uploads\/2017\/06\/IMG_9863-150x150.jpg\" class=\"attachment-thumbnail size-thumbnail wp-post-image\" alt=\"\" \/><\/div>\t\t\r\n\t\t\t\t<p class=\"easy_testimonial_title\">Brunos Bericht zu unserem Jollen Training in Leipzig<\/p>\t\r\n\t\t\t\t\t\t\t\t<div class=\"testimonial_body\">\r\n\t\t\t\t\t<p>Infos zu meiner Person:<br \/>\ntotaler Neuling, nur SBF Binnen\/See (keine Praxis)<br \/>\n1x 3 Tage segeln auf einem Segler im Februar auf der Ostsee.<br \/>\nDort war auch Marcus mit an Bord. So lernten wir uns kennen.<\/p>\n<p>Im April habe ich mich an zwei Wochenenden zum Segelunterricht mit Skipper Marcus verabredet. Es war schon etwas exotisch, von Wiesbaden (Wohnort) nach Leipzig zu reisen. Gibt es dort wirklich so viel Wasser?<\/p>\n<p>Erstes Wochenende im April bei super Wetter zum Cospudener See. Seine Jolle stand ca. 100 Meter entfernt auf einer gr\u00fcnen Wiese. Dort wurde alles f\u00fcr das erste Segeln in diesem Jahr vorbereitet. Mast setzen, Verklicker anbringen, Fock ausrollen und vieles mehr. Dazu geh\u00f6rte auch das Aufpumpen der Trailer Bereifung ... \ud83d\ude09<\/p>\n<p>Dann kam f\u00fcr mich der spannende Augenblick, die Jolle zu Wasser lassen und am Steg befestigen. Das Wasser war noch sehr kalt und Marcus hatte so sein Problem damit, mit bis zu den Knien im Wasser zu stehen. Er sprang immer hin und her ...<\/p>\n<p>Nun ab ins Boot und Leinen los bei leichtem Wind. Nach kurzer Zeit \u00fcbergab er mir das Kommando (Pinne) und ich machte meine ersten Erfahrungen mit der Jolle und dem Wind. Marcus hat mir w\u00e4hrenddessen alles was man f\u00fcr die Praxis ben\u00f6tigt super erkl\u00e4rt. Er hatte unendlich viel Gebuld mit mir, auch wenn ich zum wiederholten Mal gefragt habe, ob ich anluven oder abfallen soll. Auch die vielen anderen Grundlagen, Wenden, Halsen und Mann \u00fcber Bord ist er immer wieder mit mir durchgegangen.<\/p>\n<p>Am zweiten Wochenende haben wir alles intensiviert.<\/p>\n<p>Nochmal danke an Marcus, der mir alles verst\u00e4ndlich erkl\u00e4rt\/beigebracht hat. Er hat mir viel Sicherheit f\u00fcr meine weitere Segler-Kariere gegeben.<\/p>\n<p>Bruno<\/p>\n\t\t\t\t\t\t\t\t\t<\/div>\t\r\n\t\t\t\t\t\t\t\t\r\n\t\t\t\t<p class=\"testimonial_author\">\r\n\t\t\t\t\t\t\t\t\t\t\t\t\t\t\t<cite>\r\n\t\t\t\t\t\t\t\t\t\t\t\t\t<span class=\"testimonial-client\">Bruno<\/span>\r\n\t\t\t\t\t\t\t\t\t\t\t\t\t\t\t\t\t\t\t<span class=\"testimonial-position\">Segelsch\u00fcler<\/span>\r\n\t\t\t\t\t\t\t\t\t\t\t\t\t\t\t\t\t\t\t<span class=\"testimonial-other\">in Leipzig<\/span>\r\n\t\t\t\t\t\t\t\t\t\t\t\t\t\t\t\t\t\t\t<span class=\"date\">9. Juni 2017<\/span>\r\n\t\t\t\t\t\t\t\t\t\t\t\t\t\t\t\t\t<\/cite>\r\n\t\t\t\t\t\t\t\t\t\t\r\n\t\t\t\t<\/p>\t\r\n\t\t\t\t\t\t\t\t\t\t\t\t<div class=\"easy_t_clear\"><\/div>\r\n\t\t\t<\/blockquote>\r\n\t\t<\/div>\t\t\t<div class=\"easy_t_pagination\">                               \r\n\t\t\t\t\t\t\t<\/div>  \r\n\t\t\t\n","protected":false},"excerpt":{"rendered":"","protected":false},"author":1,"featured_media":0,"parent":0,"menu_order":0,"comment_status":"closed","ping_status":"closed","template":"","meta":{"_monsterinsights_skip_tracking":false,"_monsterinsights_sitenote_active":false,"_monsterinsights_sitenote_note":"","_monsterinsights_sitenote_category":0,"footnotes":""},"class_list":["post-3215","page","type-page","status-publish","hentry"],"jetpack-related-posts":[],"jetpack_sharing_enabled":true,"post_mailing_queue_ids":[],"_links":{"self":[{"href":"https:\/\/skipper-marcus.de\/index.php\/wp-json\/wp\/v2\/pages\/3215","targetHints":{"allow":["GET"]}}],"collection":[{"href":"https:\/\/skipper-marcus.de\/index.php\/wp-json\/wp\/v2\/pages"}],"about":[{"href":"https:\/\/skipper-marcus.de\/index.php\/wp-json\/wp\/v2\/types\/page"}],"author":[{"embeddable":true,"href":"https:\/\/skipper-marcus.de\/index.php\/wp-json\/wp\/v2\/users\/1"}],"replies":[{"embeddable":true,"href":"https:\/\/skipper-marcus.de\/index.php\/wp-json\/wp\/v2\/comments?post=3215"}],"version-history":[{"count":9,"href":"https:\/\/skipper-marcus.de\/index.php\/wp-json\/wp\/v2\/pages\/3215\/revisions"}],"predecessor-version":[{"id":5497,"href":"https:\/\/skipper-marcus.de\/index.php\/wp-json\/wp\/v2\/pages\/3215\/revisions\/5497"}],"wp:attachment":[{"href":"https:\/\/skipper-marcus.de\/index.php\/wp-json\/wp\/v2\/media?parent=3215"}],"curies":[{"name":"wp","href":"https:\/\/api.w.org\/{rel}","templated":true}]}}